{"id":881,"date":"2022-06-06T07:53:25","date_gmt":"2022-06-06T10:53:25","guid":{"rendered":"https:\/\/nami.omodelodesite.com.br\/graffiti-for-the-end-of-violence-against-women"},"modified":"2022-08-04T13:37:02","modified_gmt":"2022-08-04T16:37:02","slug":"graffiti-for-the-end-of-violence-against-women","status":"publish","type":"page","link":"https:\/\/redenami.com\/en\/graffiti-for-the-end-of-violence-against-women\/","title":{"rendered":"Graffiti for the End of Violence Against Women"},"content":{"rendered":"\t\t<div data-elementor-type=\"wp-page\" data-elementor-id=\"881\" class=\"elementor elementor-881 elementor-169\" data-elementor-post-type=\"page\">\n\t\t\t\t\t\t<section class=\"elementor-section elementor-top-section elementor-element elementor-element-be145a0 elementor-section-boxed elementor-section-height-default elementor-section-height-default\" data-id=\"be145a0\" data-element_type=\"section\" data-e-type=\"section\">\n\t\t\t\t\t\t<div class=\"elementor-container elementor-column-gap-default\">\n\t\t\t\t\t<div class=\"elementor-column elementor-col-16 elementor-top-column elementor-element elementor-element-8cfdd40\" data-id=\"8cfdd40\" data-element_type=\"column\" data-e-type=\"column\">\n\t\t\t<div class=\"elementor-widget-wrap\">\n\t\t\t\t\t\t\t<\/div>\n\t\t<\/div>\n\t\t\t\t<div class=\"elementor-column elementor-col-66 elementor-top-column elementor-element elementor-element-f1a8e98\" data-id=\"f1a8e98\" data-element_type=\"column\" data-e-type=\"column\">\n\t\t\t<div class=\"elementor-widget-wrap elementor-element-populated\">\n\t\t\t\t\t\t<div class=\"elementor-element elementor-element-022796e elementor-widget elementor-widget-video\" data-id=\"022796e\" data-element_type=\"widget\" data-e-type=\"widget\" data-settings=\"{&quot;youtube_url&quot;:&quot;https:\\\/\\\/youtu.be\\\/QmY1HmC65Kw&quot;,&quot;autoplay&quot;:&quot;yes&quot;,&quot;play_on_mobile&quot;:&quot;yes&quot;,&quot;yt_privacy&quot;:&quot;yes&quot;,&quot;video_type&quot;:&quot;youtube&quot;,&quot;controls&quot;:&quot;yes&quot;}\" data-widget_type=\"video.default\">\n\t\t\t\t<div class=\"elementor-widget-container\">\n\t\t\t\t\t\t\t<div class=\"elementor-wrapper elementor-open-inline\">\n\t\t\t<div class=\"elementor-video\"><\/div>\t\t<\/div>\n\t\t\t\t\t\t<\/div>\n\t\t\t\t<\/div>\n\t\t\t\t<div class=\"elementor-element elementor-element-6dbbd61 elementor-widget elementor-widget-heading\" data-id=\"6dbbd61\" data-element_type=\"widget\" data-e-type=\"widget\" data-widget_type=\"heading.default\">\n\t\t\t\t<div class=\"elementor-widget-container\">\n\t\t\t\t\t<h1 class=\"elementor-heading-title elementor-size-default\">Graffiti for the End of Violence Against Women\n\n\n<\/h1>\t\t\t\t<\/div>\n\t\t\t\t<\/div>\n\t\t\t\t<div class=\"elementor-element elementor-element-7d4bb70 elementor-widget elementor-widget-text-editor\" data-id=\"7d4bb70\" data-element_type=\"widget\" data-e-type=\"widget\" data-widget_type=\"text-editor.default\">\n\t\t\t\t<div class=\"elementor-widget-container\">\n\t\t\t\t\t\t\t\t\t<p><span style=\"font-weight: 400;\">The Graffiti for the End of Domestic Violence project is an educational and communication campaign, carried out both online and in person, aiming to spread information on the types of violence committed against women, to promote the Maria da Penha Law and its tools for protection. The project was started in 2008 under the name Graffiti Artists for the Maria da Penha Law, and it continues to this day. <\/span><\/p><p><span style=\"font-weight: 400;\">In the projects\u2019 workshops, graffiti is used as a communication tool to talk about topics which are often viewed as uninteresting, either because many women think violence will not affect them, or because they are ashamed of having already been victims. Following the discussion, all the participants are invited to use the graffiti spray cans and brushes to make a collective mural about the themes addressed, thus creating a symbol for fighting violence that will continue to multiply its message for as long as it remains exposed, in addition to the images that will be posted on social media, which will also serve as message multipliers. Thanks to the completely free workshops, women and young students from the visited areas become multiplying agents in the fight against violence against women in their own communities, among family members and friends.<\/span><\/p>\t\t\t\t\t\t\t\t<\/div>\n\t\t\t\t<\/div>\n\t\t\t\t<section class=\"elementor-section elementor-inner-section elementor-element elementor-element-766facf elementor-section-boxed elementor-section-height-default elementor-section-height-default\" data-id=\"766facf\" data-element_type=\"section\" data-e-type=\"section\">\n\t\t\t\t\t\t<div class=\"elementor-container elementor-column-gap-default\">\n\t\t\t\t\t<div class=\"elementor-column elementor-col-33 elementor-inner-column elementor-element elementor-element-3d49e51\" data-id=\"3d49e51\" data-element_type=\"column\" data-e-type=\"column\">\n\t\t\t<div class=\"elementor-widget-wrap elementor-element-populated\">\n\t\t\t\t\t\t<div class=\"elementor-element elementor-element-405ef6d elementor-widget elementor-widget-heading\" data-id=\"405ef6d\" data-element_type=\"widget\" data-e-type=\"widget\" data-widget_type=\"heading.default\">\n\t\t\t\t<div class=\"elementor-widget-container\">\n\t\t\t\t\t<h1 class=\"elementor-heading-title elementor-size-default\">Who can host the workshops?\n<\/h1>\t\t\t\t<\/div>\n\t\t\t\t<\/div>\n\t\t\t\t\t<\/div>\n\t\t<\/div>\n\t\t\t\t<div class=\"elementor-column elementor-col-33 elementor-inner-column elementor-element elementor-element-c587371\" data-id=\"c587371\" data-element_type=\"column\" data-e-type=\"column\" data-settings=\"{&quot;background_background&quot;:&quot;classic&quot;}\">\n\t\t\t<div class=\"elementor-widget-wrap elementor-element-populated\">\n\t\t\t\t\t\t<div class=\"elementor-element elementor-element-72a2a11 elementor-widget elementor-widget-heading\" data-id=\"72a2a11\" data-element_type=\"widget\" data-e-type=\"widget\" data-widget_type=\"heading.default\">\n\t\t\t\t<div class=\"elementor-widget-container\">\n\t\t\t\t\t<h1 class=\"elementor-heading-title elementor-size-default\">Communities\n<\/h1>\t\t\t\t<\/div>\n\t\t\t\t<\/div>\n\t\t\t\t<div class=\"elementor-element elementor-element-27a08d5 elementor-widget-divider--view-line elementor-widget elementor-widget-divider\" data-id=\"27a08d5\" data-element_type=\"widget\" data-e-type=\"widget\" data-widget_type=\"divider.default\">\n\t\t\t\t<div class=\"elementor-widget-container\">\n\t\t\t\t\t\t\t<div class=\"elementor-divider\">\n\t\t\t<span class=\"elementor-divider-separator\">\n\t\t\t\t\t\t<\/span>\n\t\t<\/div>\n\t\t\t\t\t\t<\/div>\n\t\t\t\t<\/div>\n\t\t\t\t<div class=\"elementor-element elementor-element-7e64695 elementor-widget elementor-widget-text-editor\" data-id=\"7e64695\" data-element_type=\"widget\" data-e-type=\"widget\" data-widget_type=\"text-editor.default\">\n\t\t\t\t<div class=\"elementor-widget-container\">\n\t\t\t\t\t\t\t\t\t<p><span style=\"font-weight: 400;\">Groups of women over 14 years of age in associations, organizations, cultural centres, etc. <\/span><\/p>\t\t\t\t\t\t\t\t<\/div>\n\t\t\t\t<\/div>\n\t\t\t\t\t<\/div>\n\t\t<\/div>\n\t\t\t\t<div class=\"elementor-column elementor-col-33 elementor-inner-column elementor-element elementor-element-e009338\" data-id=\"e009338\" data-element_type=\"column\" data-e-type=\"column\" data-settings=\"{&quot;background_background&quot;:&quot;classic&quot;}\">\n\t\t\t<div class=\"elementor-widget-wrap elementor-element-populated\">\n\t\t\t\t\t\t<div class=\"elementor-element elementor-element-9f50a1d elementor-widget elementor-widget-heading\" data-id=\"9f50a1d\" data-element_type=\"widget\" data-e-type=\"widget\" data-widget_type=\"heading.default\">\n\t\t\t\t<div class=\"elementor-widget-container\">\n\t\t\t\t\t<h1 class=\"elementor-heading-title elementor-size-default\">Public schools\n<\/h1>\t\t\t\t<\/div>\n\t\t\t\t<\/div>\n\t\t\t\t<div class=\"elementor-element elementor-element-ad8c478 elementor-widget-divider--view-line elementor-widget elementor-widget-divider\" data-id=\"ad8c478\" data-element_type=\"widget\" data-e-type=\"widget\" data-widget_type=\"divider.default\">\n\t\t\t\t<div class=\"elementor-widget-container\">\n\t\t\t\t\t\t\t<div class=\"elementor-divider\">\n\t\t\t<span class=\"elementor-divider-separator\">\n\t\t\t\t\t\t<\/span>\n\t\t<\/div>\n\t\t\t\t\t\t<\/div>\n\t\t\t\t<\/div>\n\t\t\t\t<div class=\"elementor-element elementor-element-4332c47 elementor-widget elementor-widget-text-editor\" data-id=\"4332c47\" data-element_type=\"widget\" data-e-type=\"widget\" data-widget_type=\"text-editor.default\">\n\t\t\t\t<div class=\"elementor-widget-container\">\n\t\t\t\t\t\t\t\t\t<p><span style=\"font-weight: 400;\">Groups of students, boys and girls between 14 and 19 years old.<\/span><\/p>\t\t\t\t\t\t\t\t<\/div>\n\t\t\t\t<\/div>\n\t\t\t\t\t<\/div>\n\t\t<\/div>\n\t\t\t\t\t<\/div>\n\t\t<\/section>\n\t\t\t\t<div class=\"elementor-element elementor-element-4ac005a elementor-align-center elementor-widget elementor-widget-button\" data-id=\"4ac005a\" data-element_type=\"widget\" data-e-type=\"widget\" data-widget_type=\"button.default\">\n\t\t\t\t<div class=\"elementor-widget-container\">\n\t\t\t\t\t\t\t\t\t<div class=\"elementor-button-wrapper\">\n\t\t\t\t\t<a class=\"elementor-button elementor-button-link elementor-size-sm\" href=\"#\">\n\t\t\t\t\t\t<span class=\"elementor-button-content-wrapper\">\n\t\t\t\t\t\t\t\t\t<span class=\"elementor-button-text\">REGISTER YOUR SPACE TO HOST ONE OF OF OUR WORKSHOPS.<\/span>\n\t\t\t\t\t<\/span>\n\t\t\t\t\t<\/a>\n\t\t\t\t<\/div>\n\t\t\t\t\t\t\t\t<\/div>\n\t\t\t\t<\/div>\n\t\t\t\t\t<\/div>\n\t\t<\/div>\n\t\t\t\t<div class=\"elementor-column elementor-col-16 elementor-top-column elementor-element elementor-element-5027d08\" data-id=\"5027d08\" data-element_type=\"column\" data-e-type=\"column\">\n\t\t\t<div class=\"elementor-widget-wrap\">\n\t\t\t\t\t\t\t<\/div>\n\t\t<\/div>\n\t\t\t\t\t<\/div>\n\t\t<\/section>\n\t\t\t\t<section class=\"elementor-section elementor-top-section elementor-element elementor-element-d4af914 elementor-section-boxed elementor-section-height-default elementor-section-height-default\" data-id=\"d4af914\" data-element_type=\"section\" data-e-type=\"section\">\n\t\t\t\t\t\t<div class=\"elementor-container elementor-column-gap-default\">\n\t\t\t\t\t<div class=\"elementor-column elementor-col-16 elementor-top-column elementor-element elementor-element-4d74f6a\" data-id=\"4d74f6a\" data-element_type=\"column\" data-e-type=\"column\">\n\t\t\t<div class=\"elementor-widget-wrap\">\n\t\t\t\t\t\t\t<\/div>\n\t\t<\/div>\n\t\t\t\t<div class=\"elementor-column elementor-col-66 elementor-top-column elementor-element elementor-element-8773903\" data-id=\"8773903\" data-element_type=\"column\" data-e-type=\"column\">\n\t\t\t<div class=\"elementor-widget-wrap elementor-element-populated\">\n\t\t\t\t\t\t<div class=\"elementor-element elementor-element-4551a22 elementor-widget elementor-widget-htmega-galleryjustify-addons\" data-id=\"4551a22\" data-element_type=\"widget\" data-e-type=\"widget\" data-widget_type=\"htmega-galleryjustify-addons.default\">\n\t\t\t\t<div class=\"elementor-widget-container\">\n\t\t\t\t\t<div id=\"npgallery4551a22\" class=\"npgallery_active4551a22\"style=\"display:none;\">                        <div class=\"htmega-justify-single-image\">\n                            <div class=\"thumb\">\n                                <a href=\"https:\/\/4ycr0jjy68gp.rbmkt.com.br\/wp-content\/uploads\/2022\/06\/20131113_FefeAlves_AvonGraffiti-Nacao-Mangueirense-458-scaled.jpg\" rel=\"npgallery nofollow noopener\" target=\"_blank\">\n                                    <img decoding=\"async\" src=\"https:\/\/redenami.com\/wp-content\/uploads\/2022\/06\/20131113_FefeAlves_AvonGraffiti-Nacao-Mangueirense-458-scaled.jpg\" alt=\"\">\n                                <\/a>\n                            <\/div>\n                        <\/div>\n\n                                            <div class=\"htmega-justify-single-image\">\n                            <div class=\"thumb\">\n                                <a href=\"https:\/\/4ycr0jjy68gp.rbmkt.com.br\/wp-content\/uploads\/2022\/06\/15079026_1088300901287405_7986480437586130377_n.jpeg\" rel=\"npgallery nofollow noopener\" target=\"_blank\">\n                                    <img decoding=\"async\" src=\"https:\/\/redenami.com\/wp-content\/uploads\/2022\/06\/15079026_1088300901287405_7986480437586130377_n.jpeg\" alt=\"\">\n                                <\/a>\n                            <\/div>\n                        <\/div>\n\n                                            <div class=\"htmega-justify-single-image\">\n                            <div class=\"thumb\">\n                                <a href=\"https:\/\/4ycr0jjy68gp.rbmkt.com.br\/wp-content\/uploads\/2022\/06\/2015_Rede-Nami-Oficina-Graffiti-Pelo-Fim-da-Violencia-Contra-a-Mulher-CIAM-Baixada__.jpg-scaled.jpg\" rel=\"npgallery nofollow noopener\" target=\"_blank\">\n                                    <img decoding=\"async\" src=\"https:\/\/redenami.com\/wp-content\/uploads\/2022\/06\/2015_Rede-Nami-Oficina-Graffiti-Pelo-Fim-da-Violencia-Contra-a-Mulher-CIAM-Baixada__.jpg-scaled.jpg\" alt=\"\">\n                                <\/a>\n                            <\/div>\n                        <\/div>\n\n                                            <div class=\"htmega-justify-single-image\">\n                            <div class=\"thumb\">\n                                <a href=\"https:\/\/4ycr0jjy68gp.rbmkt.com.br\/wp-content\/uploads\/2022\/06\/180.5-scaled.jpg\" rel=\"npgallery nofollow noopener\" target=\"_blank\">\n                                    <img decoding=\"async\" src=\"https:\/\/redenami.com\/wp-content\/uploads\/2022\/06\/180.5-scaled.jpg\" alt=\"\">\n                                <\/a>\n                            <\/div>\n                        <\/div>\n\n                                            <div class=\"htmega-justify-single-image\">\n                            <div class=\"thumb\">\n                                <a href=\"https:\/\/4ycr0jjy68gp.rbmkt.com.br\/wp-content\/uploads\/2022\/06\/2.-Graffiti-pelo-fim-da-violencia-contra-mulher-scaled.jpg\" rel=\"npgallery nofollow noopener\" target=\"_blank\">\n                                    <img decoding=\"async\" src=\"https:\/\/redenami.com\/wp-content\/uploads\/2022\/06\/2.-Graffiti-pelo-fim-da-violencia-contra-mulher-scaled.jpg\" alt=\"\">\n                                <\/a>\n                            <\/div>\n                        <\/div>\n\n                    <\/div>        <script>\n            jQuery(document).ready(function($) {\n\n                'use strict';                \n                $('#npgallery4551a22').imagesLoaded( function() {\n                    $('#npgallery4551a22')[0].style.display='block';\n                    $('#npgallery4551a22').justifiedGallery({\n                        rowHeight: 240,\n                        maxRowHeight: null,\n                        margins: 20,\n                        border: 0,\n                        rel: 'npgallery4551a22',\n                        lastRow: 'nojustify',\n                        captions: true,\n                        randomize: false,\n                        sizeRangeSuffixes: {\n                            lt100: '_t',\n                            lt240: '_m',\n                            lt320: '_n',\n                            lt500: '',\n                            lt640: '_z',\n                            lt1024: '_b'\n                        }\n                    });\n                });\n                            });\n        <\/script>\n        \t\t\t\t<\/div>\n\t\t\t\t<\/div>\n\t\t\t\t\t<\/div>\n\t\t<\/div>\n\t\t\t\t<div class=\"elementor-column elementor-col-16 elementor-top-column elementor-element elementor-element-3744c46\" data-id=\"3744c46\" data-element_type=\"column\" data-e-type=\"column\">\n\t\t\t<div class=\"elementor-widget-wrap\">\n\t\t\t\t\t\t\t<\/div>\n\t\t<\/div>\n\t\t\t\t\t<\/div>\n\t\t<\/section>\n\t\t\t\t<section class=\"elementor-section elementor-top-section elementor-element elementor-element-b11b25d elementor-section-boxed elementor-section-height-default elementor-section-height-default\" data-id=\"b11b25d\" data-element_type=\"section\" data-e-type=\"section\">\n\t\t\t\t\t\t<div class=\"elementor-container elementor-column-gap-default\">\n\t\t\t\t\t<div class=\"elementor-column elementor-col-16 elementor-top-column elementor-element elementor-element-fd067a7\" data-id=\"fd067a7\" data-element_type=\"column\" data-e-type=\"column\">\n\t\t\t<div class=\"elementor-widget-wrap\">\n\t\t\t\t\t\t\t<\/div>\n\t\t<\/div>\n\t\t\t\t<div class=\"elementor-column elementor-col-66 elementor-top-column elementor-element elementor-element-aff727c\" data-id=\"aff727c\" data-element_type=\"column\" data-e-type=\"column\">\n\t\t\t<div class=\"elementor-widget-wrap elementor-element-populated\">\n\t\t\t\t\t\t<div class=\"elementor-element elementor-element-b8f653d elementor-widget elementor-widget-heading\" data-id=\"b8f653d\" data-element_type=\"widget\" data-e-type=\"widget\" data-widget_type=\"heading.default\">\n\t\t\t\t<div class=\"elementor-widget-container\">\n\t\t\t\t\t<h1 class=\"elementor-heading-title elementor-size-default\">List of locations that have hosted our workshops:\n\n<\/h1>\t\t\t\t<\/div>\n\t\t\t\t<\/div>\n\t\t\t\t<section class=\"elementor-section elementor-inner-section elementor-element elementor-element-29fbd58 elementor-section-boxed elementor-section-height-default elementor-section-height-default\" data-id=\"29fbd58\" data-element_type=\"section\" data-e-type=\"section\">\n\t\t\t\t\t\t<div class=\"elementor-container elementor-column-gap-default\">\n\t\t\t\t\t<div class=\"elementor-column elementor-col-50 elementor-inner-column elementor-element elementor-element-72819ee\" data-id=\"72819ee\" data-element_type=\"column\" data-e-type=\"column\">\n\t\t\t<div class=\"elementor-widget-wrap elementor-element-populated\">\n\t\t\t\t\t\t<div class=\"elementor-element elementor-element-0742559 elementor-widget elementor-widget-text-editor\" data-id=\"0742559\" data-element_type=\"widget\" data-e-type=\"widget\" data-widget_type=\"text-editor.default\">\n\t\t\t\t<div class=\"elementor-widget-container\">\n\t\t\t\t\t\t\t\t\t<b>1.<\/b> [2010] CEDIM\/ Sampaio\n\n<br><b>2.<\/b> [2010] CEDIM\/ Sapo<\/br>\n\n<b>3.<\/b> [2011] Arar\u00e1\n\n<br><b>4.<\/b> [2011] PRONASCI\/ Maca\u00e9<\/br>\n\n<b>5.<\/b> [2011] PRONASCI\/ Complexo do Alem\u00e3o\n\n<br><b>6.<\/b> [2011] PRONASCI\/ Itabora\u00ed<\/br>\n\n<b>7.<\/b> [2011] PRONASCI\/ Cantagalo\n\n<br><b>8.<\/b> [2011] PRONASCI\/ S\u00e3o Jo\u00e3o de Meriti<\/br>\n\n<b>9.<\/b> [2011] PRONASCI\/ Niter\u00f3i\n\n<br><b>10.<\/b> [2011] PRONASCI\/ Itagua\u00ed<\/br>\n\n<b>11.<\/b> [2011] PRONASCI\/ Queimados\n\n<br><b>12.<\/b> [2011] PRONASCI\/ Tavares Bastos<\/br>\n\n<b>13.<\/b> [2011] PRONASCI\/ Caxias\n\n<br><b>14.<\/b> [2011] PRONASCI\/ S\u00e3o Gon\u00e7alo<\/br>\n\n<b>15.<\/b> [2011] PRONASCI\/ Rocinha\n\n<br><b>16.<\/b> [2011] PRONASCI\/ Mar\u00e9<\/br>\n\n<b>17.<\/b> [2011] PRONASCI\/ Pav\u00e3o Pav\u00e3ozinho\n\n<br><b>18.<\/b> [2011] PRONASCI\/ Provid\u00eancia<\/br>\n\n<b>19.<\/b> [2011] PRONASCI\/ Manguinhos\n\n<br><b>20.<\/b> [2011] PRONASCI\/ Mesquita<\/br>\n\n<b>21.<\/b> [2011] PRONASCI\/ Nova Igua\u00e7\u00fa\n\n<br><b>22.<\/b> [2011] PRONASCI\/ Nil\u00f3polis<\/br>\n\n<b>23.<\/b> [2011] PRONASCI\/ Vila Kennedy\n\n<br><b>24.<\/b> [2011] PRONASCI\/ Belford Roxo<\/br>\n\n<b>25.<\/b> [2011] PRONASCI\/ Borel\n\n<br><b>26.<\/b> [2011] PRONASCI\/ Borel<\/br>\n\n<b>27.<\/b> [2012] Instituto JC3\n\n<br><b>28.<\/b> [2013] CIEP Miguel Couto \/ Caxias<\/br>\n\n<b>29.<\/b> [2013] CIEP Paulo de Frotin \/ Rio Cumprido\n\n<br><b>30.<\/b> [2013] CIEP Rodrigo Alves \/ Gl\u00f3ria<\/br>\n\n<b>31.<\/b> [2013] CIEP Monteiro de Carvalo \/ Santa Tereza\n\n<br><b>32.<\/b> [2013] CIEP Na\u00e7\u00e3o Mangueirence \/ S\u00e3o Francisco Xavier<\/br>\n\n<b>33.<\/b> [2014] Projeto UER\u00ca\n\n<br><b>34.<\/b> [2014] CE Hispano Brasileiro Jo\u00e3o Cabral de Melo Neto<\/br>\n\n<b>35.<\/b> [2014] EM Cec\u00edlia Meireles \/ Vila Cosmos\n\n<\/br><b>36.<\/b> [2014] EM Andr\u00e9 Mourais<\/br>\n\n<b>37.<\/b> [2014] EM Eurico Salles\/ Vila Cosmos\n\n<br><b>38.<\/b> [2014] EM Mendes Viana\/ Col\u00e9gio<\/br>\n\n<b>39.<\/b> [2014] CE Prof. Ant\u00f4nio Maria Texeira Filho\/ Leblon\n\n<br><b>40.<\/b> [2014] CE Julia Kubischeck \/ Centro<\/br>\n\n\n\t\t\t\t\t\t\t\t<\/div>\n\t\t\t\t<\/div>\n\t\t\t\t\t<\/div>\n\t\t<\/div>\n\t\t\t\t<div class=\"elementor-column elementor-col-50 elementor-inner-column elementor-element elementor-element-94c02ab\" data-id=\"94c02ab\" data-element_type=\"column\" data-e-type=\"column\">\n\t\t\t<div class=\"elementor-widget-wrap elementor-element-populated\">\n\t\t\t\t\t\t<div class=\"elementor-element elementor-element-ab044c7 elementor-widget elementor-widget-text-editor\" data-id=\"ab044c7\" data-element_type=\"widget\" data-e-type=\"widget\" data-widget_type=\"text-editor.default\">\n\t\t\t\t<div class=\"elementor-widget-container\">\n\t\t\t\t\t\t\t\t\t<b>41.<\/b> [2014] EM Maestro Pinchinguinha \/ Vila Cosmos\n\n<br><b>42.<\/b> \n[2014] CE Souza Aguiar \/ Centro<\/br>\n\n<b>43.<\/b> [2014] CIEP Airton Senna da Silva \/ S\u00e3o Conrrado\n\n<br><b>44.<\/b> [2014] CE Reverendo Hugh Clarence Tucher \/ Gamboa<\/br>\n\n<b>45.<\/b> [2014] CE Caique Tiradentes \/ Gamboa\n\n<br><b>46.<\/b> [2014] CE Infante Don Henrrique\/ Copacabana<\/br>\n\n<b>47.<\/b> [2014] CE Dr Ulisses Guimar\u00e3es \/ Curicica\n\n<br><b>48.<\/b> [2014] CE Ant\u00f4nio Prado Jr.\/ Tijuca<\/br>\n\n<b>49.<\/b> [2014] CE Caique Eclides da Cunha\/ Itanhang\u00e1\n\n<br><b>50.<\/b> [2014] CE Therezinha de Machado Carvalho<\/br>\n\n<b>51.<\/b> [2014] CE Ign\u00e1cio Azevedo Amaral\/ Jardim Bot\u00e1nico\n\n<br><b>52.<\/b> [2014] CE Brigadeiro Horcht\/ Jacar\u00e9pagua<\/br>\n\n<b>53.<\/b> [2014] CE Frei Agostinho \/ Engenho Novo\n\n<br><b>54.<\/b> [2014] Prof. Ernesto de Farias \/ S\u00e3o Cristov\u00e3o<\/br>\n\n<b>55.<\/b> [2014] CE Vicente Jannuzzi\/ Barra da Tijuca\n\n<br><b>56.<\/b> [2014] CE Hebert de Souza \/ Tijuca<\/br>\n\n<b>57.<\/b> [2015] EM Maestro Pinchinguinha\n\n<br><b>58.<\/b> [2015] CIAM Baixada<\/br>\n\n<b>59.<\/b> [2015] Degase\n\n<br><b>60.<\/b> [2016] Pista de Skate de Gerib\u00e1 \/ B\u00fazios<\/br>\n\n<b>61.<\/b> [2016] Instituto Pro Mundo\n\n<br><b>62.<\/b> [2011] [2016] Sesc Copacabana<\/br>\n\n<b>63.<\/b> \n[2016] NUDEM RJ\n\n<br><b>64.<\/b> \n[2016] CIEP Antonio Carlos Bernanrdes MUSSUM<\/br>\n\n<b>65.<\/b> [2016] Movimento de Mulheres em S\u00e3o Gon\u00e7alo\n\n<br><b>66.<\/b> [2016] EM Gin\u00e1sio Ol\u00edmpico Juan Ant\u00f4nio Samaranch<\/br> \n\n<b>67.<\/b> [2017] Mst &#8211; Assentamento Roseli Nunes \/ Pira\u00ed\n\n<b>68.<\/b> [2017] Instituto Cultural Rose Marie Muraro\n\n<br><b>69.<\/b> [2017] EM Levy Miranda<\/br>\n\n<b>30.<\/b> [2017] EM Angelina Porto da Motta\t\t\t\t\t\t\t\t<\/div>\n\t\t\t\t<\/div>\n\t\t\t\t\t<\/div>\n\t\t<\/div>\n\t\t\t\t\t<\/div>\n\t\t<\/section>\n\t\t\t\t\t<\/div>\n\t\t<\/div>\n\t\t\t\t<div class=\"elementor-column elementor-col-16 elementor-top-column elementor-element elementor-element-ec7d63f\" data-id=\"ec7d63f\" data-element_type=\"column\" data-e-type=\"column\">\n\t\t\t<div class=\"elementor-widget-wrap\">\n\t\t\t\t\t\t\t<\/div>\n\t\t<\/div>\n\t\t\t\t\t<\/div>\n\t\t<\/section>\n\t\t\t\t<\/div>\n\t\t","protected":false},"excerpt":{"rendered":"<p>Graffiti for the End of Violence Against Women The Graffiti for the End of Domestic Violence project is an educational and communication campaign, carried out both online and in person, aiming to spread information on the types of violence committed against women, to promote the Maria da Penha Law and its tools for protection. The [&hellip;]<\/p>\n","protected":false},"author":2,"featured_media":0,"parent":0,"menu_order":0,"comment_status":"closed","ping_status":"closed","template":"","meta":{"footnotes":""},"class_list":["post-881","page","type-page","status-publish","hentry"],"_links":{"self":[{"href":"https:\/\/redenami.com\/en\/wp-json\/wp\/v2\/pages\/881","targetHints":{"allow":["GET"]}}],"collection":[{"href":"https:\/\/redenami.com\/en\/wp-json\/wp\/v2\/pages"}],"about":[{"href":"https:\/\/redenami.com\/en\/wp-json\/wp\/v2\/types\/page"}],"author":[{"embeddable":true,"href":"https:\/\/redenami.com\/en\/wp-json\/wp\/v2\/users\/2"}],"replies":[{"embeddable":true,"href":"https:\/\/redenami.com\/en\/wp-json\/wp\/v2\/comments?post=881"}],"version-history":[{"count":0,"href":"https:\/\/redenami.com\/en\/wp-json\/wp\/v2\/pages\/881\/revisions"}],"wp:attachment":[{"href":"https:\/\/redenami.com\/en\/wp-json\/wp\/v2\/media?parent=881"}],"curies":[{"name":"wp","href":"https:\/\/api.w.org\/{rel}","templated":true}]}}